{"id":3127,"date":"2023-10-19T15:02:17","date_gmt":"2023-10-19T13:02:17","guid":{"rendered":"https:\/\/fm.yumistudio.pl\/team\/dr-krzysztof-jacko\/"},"modified":"2023-10-24T22:38:44","modified_gmt":"2023-10-24T20:38:44","slug":"dr-krzysztof-jacko","status":"publish","type":"page","link":"https:\/\/www.fertimedica.pl\/en\/team\/dr-krzysztof-jacko\/","title":{"rendered":"Dr Krzysztof Jacko"},"content":{"rendered":"<p><div class=\"fusion-fullwidth fullwidth-box fusion-builder-row-1 fusion-flex-container has-pattern-background has-mask-background nonhundred-percent-fullwidth non-hundred-percent-height-scrolling\" style=\"--awb-border-radius-top-left:0px;--awb-border-radius-top-right:0px;--awb-border-radius-bottom-right:0px;--awb-border-radius-bottom-left:0px;--awb-flex-wrap:wrap;\" ><div class=\"fusion-builder-row fusion-row fusion-flex-align-items-flex-start fusion-flex-content-wrap\" style=\"max-width:1185.6px;margin-left: calc(-4% \/ 2 );margin-right: calc(-4% \/ 2 );\"><div class=\"fusion-layout-column fusion_builder_column fusion-builder-column-0 fusion_builder_column_1_3 1_3 fusion-flex-column fusion-column-inner-bg-wrapper fusion-animated\" style=\"--awb-padding-top:32px;--awb-padding-right:32px;--awb-padding-bottom:32px;--awb-padding-left:32px;--awb-overflow:hidden;--awb-inner-bg-color:var(--awb-color1);--awb-inner-bg-color-hover:var(--awb-color1);--awb-inner-bg-size:cover;--awb-box-shadow:0px 20px 26px 0px hsla(var(--awb-color8-h),var(--awb-color8-s),calc( var(--awb-color8-l) - 20% ),calc( var(--awb-color8-a) - 88% ));;--awb-border-radius:8px 8px 8px 8px;--awb-inner-bg-border-radius:8px 8px 8px 8px;--awb-inner-bg-overflow:hidden;--awb-width-large:33.333333333333%;--awb-margin-top-large:0px;--awb-spacing-right-large:12px;--awb-margin-bottom-large:30px;--awb-spacing-left-large:5.76%;--awb-width-medium:50%;--awb-order-medium:0;--awb-spacing-right-medium:12px;--awb-spacing-left-medium:3.84%;--awb-width-small:100%;--awb-order-small:0;--awb-spacing-right-small:12px;--awb-spacing-left-small:1.92%;\" data-animationType=\"fadeInLeft\" data-animationDuration=\"1.0\" data-animationOffset=\"top-into-view\" data-scroll-devices=\"small-visibility,medium-visibility,large-visibility\"><span class=\"fusion-column-inner-bg hover-type-none\"><a class=\"fusion-column-anchor\" href=\"https:\/\/www.fertimedica.pl\/en\/team\/dr-krzysztof-jacko\/\"><span class=\"fusion-column-inner-bg-image\"><\/span><\/a><\/span><div class=\"fusion-column-wrapper fusion-column-has-shadow fusion-flex-justify-content-flex-start fusion-content-layout-column\"><div class=\"fusion-image-element \" style=\"text-align:center;--awb-aspect-ratio:1 \/ 1;--awb-object-position:17% 20%;--awb-mask-url: url(https:\/\/www.fertimedica.pl\/wp-content\/plugins\/fusion-builder\/\/assets\/images\/masks\/mask-10.svg);--awb-max-width:200px;--awb-caption-title-font-family:var(--h2_typography-font-family);--awb-caption-title-font-weight:var(--h2_typography-font-weight);--awb-caption-title-font-style:var(--h2_typography-font-style);--awb-caption-title-size:var(--h2_typography-font-size);--awb-caption-title-transform:var(--h2_typography-text-transform);--awb-caption-title-line-height:var(--h2_typography-line-height);--awb-caption-title-letter-spacing:var(--h2_typography-letter-spacing);\"><div style=\"display:inline-block;width:200px;\"><span class=\" fusion-imageframe imageframe-none imageframe-1 hover-type-none has-mask has-aspect-ratio fusion-animated\" data-animationType=\"fadeInDown\" data-animationDuration=\"1.0\" data-animationOffset=\"top-into-view\"><img decoding=\"async\" width=\"200\" height=\"300\" title=\"krzysztofjacko\" src=\"https:\/\/www.fertimedica.pl\/wp-content\/uploads\/2023\/10\/krzysztofjacko-jpg.webp\" data-orig-src=\"https:\/\/www.fertimedica.pl\/wp-content\/uploads\/2023\/10\/krzysztofjacko-200x300.webp\" class=\"lazyload img-responsive wp-image-2566 img-with-aspect-ratio\" data-parent-fit=\"cover\" data-parent-container=\".fusion-image-element\" alt srcset=\"data:image\/svg+xml,%3Csvg%20xmlns%3D%27http%3A%2F%2Fwww.w3.org%2F2000%2Fsvg%27%20width%3D%27426%27%20height%3D%27640%27%20viewBox%3D%270%200%20426%20640%27%3E%3Crect%20width%3D%27426%27%20height%3D%27640%27%20fill-opacity%3D%220%22%2F%3E%3C%2Fsvg%3E\" data-srcset=\"https:\/\/www.fertimedica.pl\/wp-content\/uploads\/2023\/10\/krzysztofjacko-200x300.webp 200w, https:\/\/www.fertimedica.pl\/wp-content\/uploads\/2023\/10\/krzysztofjacko-400x601.webp 400w, https:\/\/www.fertimedica.pl\/wp-content\/uploads\/2023\/10\/krzysztofjacko.jpg 426w\" data-sizes=\"auto\" data-orig-sizes=\"(max-width: 1024px) 100vw, (max-width: 640px) 100vw, 400px\" \/><\/span><\/div><\/div><\/div><\/div><div class=\"fusion-layout-column fusion_builder_column fusion-builder-column-1 fusion_builder_column_2_3 2_3 fusion-flex-column\" style=\"--awb-bg-size:cover;--awb-width-large:66.666666666667%;--awb-margin-top-large:0px;--awb-spacing-right-large:2.88%;--awb-margin-bottom-large:0px;--awb-spacing-left-large:16px;--awb-width-medium:100%;--awb-order-medium:0;--awb-spacing-right-medium:1.92%;--awb-spacing-left-medium:1.92%;--awb-width-small:100%;--awb-order-small:0;--awb-spacing-right-small:1.92%;--awb-spacing-left-small:1.92%;\"><div class=\"fusion-column-wrapper fusion-column-has-shadow fusion-flex-justify-content-flex-start fusion-content-layout-column\"><div class=\"fusion-title title fusion-title-1 fusion-sep-none fusion-title-text fusion-title-size-one\" style=\"--awb-text-color:var(--awb-color5);--awb-margin-bottom:0px;--awb-margin-top-small:0px;--awb-margin-right-small:0px;--awb-margin-bottom-small:20px;--awb-margin-left-small:0px;--awb-font-size:3rem;\"><h1 class=\"fusion-title-heading title-heading-left fusion-responsive-typography-calculated\" style=\"margin:0;font-size:1em;--fontSize:45;line-height:var(--awb-typography1-line-height);\">dr Krzysztof Jacko<\/h1><\/div><div class=\"fusion-text fusion-text-1\" style=\"--awb-content-alignment:center;\"><p style=\"text-align: left;\">Specialist in clinical oncology<\/p>\n<\/div><div class=\"fusion-text fusion-text-2\"><p>Education and experience:<\/p>\n<p>Graduate of the Department of Medicine of the Military Medical Academy in \u0141\u00f3d\u017a. He is a specialist in clinical oncology, internal medicine physician, and a senior assistant in the Department of Oncology of the Military Medical Institute in Warsaw. His main interests are issues related to imaging diagnostics of breast cancer and the molecular basics of cancer diagnosis and treatment. He completed courses of the Polish Society of Ultrasonography. He takes an active part in conferences, symposia and congresses devoted to the diagnosis and treatment of breast cancer and gynecologic cancers both in Poland and abroad.        <\/p>\n<p>Additional activities:<\/p>\n<p>Dr Krzysztof Jacko currently works in the Department of Women\u2019s Oncology and Breast Diseases Outpatient Clinic of the Military Medical Institute in Warsaw.<\/p>\n<\/div><\/div><\/div><\/div><\/div><div class=\"fusion-fullwidth fullwidth-box fusion-builder-row-2 fusion-flex-container has-pattern-background has-mask-background fusion-parallax-none hundred-percent-fullwidth non-hundred-percent-height-scrolling lazyload\" style=\"--awb-background-position:center bottom;--awb-border-radius-top-left:0px;--awb-border-radius-top-right:0px;--awb-border-radius-bottom-right:0px;--awb-border-radius-bottom-left:0px;--awb-padding-bottom:4%;--awb-margin-top:90px;--awb-background-image:linear-gradient(180deg, var(--awb-color1) 0%,rgba(255,255,255,0) 100%);;--awb-background-size:cover;--awb-flex-wrap:wrap;\" data-bg=\"https:\/\/www.fertimedica.pl\/wp-content\/uploads\/2019\/10\/cta-background-mandala-1-scaled.jpg\" data-bg-gradient=\"linear-gradient(180deg, var(--awb-color1) 0%,rgba(255,255,255,0) 100%)\" ><div class=\"fusion-builder-row fusion-row fusion-flex-align-items-flex-start fusion-flex-content-wrap\" style=\"width:104% !important;max-width:104% !important;margin-left: calc(-4% \/ 2 );margin-right: calc(-4% \/ 2 );\"><div class=\"fusion-layout-column fusion_builder_column fusion-builder-column-2 fusion_builder_column_1_6 1_6 fusion-flex-column\" style=\"--awb-bg-size:cover;--awb-width-large:16.666666666667%;--awb-margin-top-large:0px;--awb-spacing-right-large:11.52%;--awb-margin-bottom-large:0px;--awb-spacing-left-large:11.52%;--awb-width-medium:100%;--awb-order-medium:0;--awb-spacing-right-medium:1.92%;--awb-spacing-left-medium:1.92%;--awb-width-small:100%;--awb-order-small:0;--awb-spacing-right-small:1.92%;--awb-spacing-left-small:1.92%;\" data-scroll-devices=\"small-visibility,medium-visibility,large-visibility\"><div class=\"fusion-column-wrapper fusion-column-has-shadow fusion-flex-justify-content-flex-start fusion-content-layout-column\"><\/div><\/div><div class=\"fusion-layout-column fusion_builder_column fusion-builder-column-3 fusion_builder_column_2_3 2_3 fusion-flex-column fusion-animated\" style=\"--awb-padding-top:60px;--awb-padding-right:30px;--awb-padding-bottom:60px;--awb-padding-left:30px;--awb-overflow:hidden;--awb-bg-color:var(--awb-color1);--awb-bg-color-hover:var(--awb-color1);--awb-bg-size:cover;--awb-border-radius:12px 12px 12px 12px;--awb-width-large:66.666666666667%;--awb-margin-top-large:-30px;--awb-spacing-right-large:2.88%;--awb-margin-bottom-large:60px;--awb-spacing-left-large:2.88%;--awb-width-medium:100%;--awb-order-medium:0;--awb-spacing-right-medium:1.92%;--awb-spacing-left-medium:1.92%;--awb-width-small:100%;--awb-order-small:0;--awb-spacing-right-small:1.92%;--awb-spacing-left-small:1.92%;\" data-animationType=\"fadeInUp\" data-animationDuration=\"1.0\" data-animationOffset=\"top-into-view\" data-scroll-devices=\"small-visibility,medium-visibility,large-visibility\"><div class=\"fusion-column-wrapper fusion-column-has-shadow fusion-flex-justify-content-flex-start fusion-content-layout-column\"><div class=\"fusion-text fusion-text-3\" style=\"--awb-content-alignment:center;--awb-font-size:var(--awb-typography2-font-size);--awb-line-height:var(--awb-typography2-line-height);--awb-letter-spacing:var(--awb-typography2-letter-spacing);--awb-text-transform:var(--awb-typography2-text-transform);--awb-text-font-family:var(--awb-typography2-font-family);--awb-text-font-weight:var(--awb-typography2-font-weight);--awb-text-font-style:var(--awb-typography2-font-style);\"><p>fertimedica experts<\/p>\n<\/div><div class=\"fusion-title title fusion-title-2 fusion-sep-none fusion-title-center fusion-title-text fusion-title-size-two\" style=\"--awb-margin-top:-30px;--awb-margin-bottom:10px;--awb-margin-top-small:0px;--awb-margin-right-small:0px;--awb-margin-bottom-small:10px;--awb-margin-left-small:0px;--awb-font-size:60px;\"><h2 class=\"fusion-title-heading title-heading-center fusion-responsive-typography-calculated\" style=\"margin:0;font-size:1em;--fontSize:60;line-height:var(--awb-typography1-line-height);\">Team<\/h2><\/div><div style=\"text-align:center;\"><a class=\"fusion-button button-flat fusion-button-default-size button-default fusion-button-default button-1 fusion-button-default-span fusion-button-default-type\" style=\"--awb-margin-top:10px;--button_text_transform:uppercase;\" target=\"_self\" href=\"https:\/\/www.fertimedica.pl\/en\/team\/\"><span class=\"fusion-button-text awb-button__text awb-button__text--default\">BACK TO TEAM<\/span><\/a><\/div><\/div><\/div><div class=\"fusion-layout-column fusion_builder_column fusion-builder-column-4 fusion_builder_column_1_6 1_6 fusion-flex-column\" style=\"--awb-bg-size:cover;--awb-width-large:16.666666666667%;--awb-margin-top-large:0px;--awb-spacing-right-large:11.52%;--awb-margin-bottom-large:0px;--awb-spacing-left-large:11.52%;--awb-width-medium:100%;--awb-spacing-right-medium:1.92%;--awb-spacing-left-medium:1.92%;--awb-width-small:100%;--awb-spacing-right-small:1.92%;--awb-spacing-left-small:1.92%;\"><div class=\"fusion-column-wrapper fusion-column-has-shadow fusion-flex-justify-content-flex-start fusion-content-layout-column\"><\/div><\/div><\/div><\/div>\n<\/p>\n","protected":false},"excerpt":{"rendered":"","protected":false},"author":2,"featured_media":0,"parent":3097,"menu_order":0,"comment_status":"closed","ping_status":"closed","template":"100-width.php","meta":{"footnotes":""},"class_list":["post-3127","page","type-page","status-publish","hentry"],"yoast_head":"<!-- This site is optimized with the Yoast SEO plugin v27.5 - https:\/\/yoast.com\/product\/yoast-seo-wordpress\/ -->\n<title>Dr Krzysztof Jacko - FertiMedica<\/title>\n<meta name=\"robots\" content=\"index, follow, max-snippet:-1, max-image-preview:large, max-video-preview:-1\" \/>\n<link rel=\"canonical\" href=\"https:\/\/www.fertimedica.pl\/en\/team\/dr-krzysztof-jacko\/\" \/>\n<meta property=\"og:locale\" content=\"en_US\" \/>\n<meta property=\"og:type\" content=\"article\" \/>\n<meta property=\"og:title\" content=\"Dr Krzysztof Jacko - FertiMedica\" \/>\n<meta property=\"og:url\" content=\"https:\/\/www.fertimedica.pl\/en\/team\/dr-krzysztof-jacko\/\" \/>\n<meta property=\"og:site_name\" content=\"FertiMedica\" \/>\n<meta property=\"article:publisher\" content=\"https:\/\/www.facebook.com\/FertiMedica\" \/>\n<meta property=\"article:modified_time\" content=\"2023-10-24T20:38:44+00:00\" \/>\n<meta name=\"twitter:card\" content=\"summary_large_image\" \/>\n<meta name=\"twitter:label1\" content=\"Est. reading time\" \/>\n\t<meta name=\"twitter:data1\" content=\"11 minutes\" \/>\n<script type=\"application\/ld+json\" class=\"yoast-schema-graph\">{\"@context\":\"https:\\\/\\\/schema.org\",\"@graph\":[{\"@type\":\"NewsArticle\",\"@id\":\"https:\\\/\\\/www.fertimedica.pl\\\/en\\\/team\\\/dr-krzysztof-jacko\\\/#article\",\"isPartOf\":{\"@id\":\"https:\\\/\\\/www.fertimedica.pl\\\/en\\\/team\\\/dr-krzysztof-jacko\\\/\"},\"author\":{\"name\":\"FertiMedica\",\"@id\":\"https:\\\/\\\/www.fertimedica.pl\\\/en\\\/#\\\/schema\\\/person\\\/af6a3b157e81f4a10462ae43f0573460\"},\"headline\":\"Dr Krzysztof Jacko\",\"datePublished\":\"2023-10-19T13:02:17+00:00\",\"dateModified\":\"2023-10-24T20:38:44+00:00\",\"mainEntityOfPage\":{\"@id\":\"https:\\\/\\\/www.fertimedica.pl\\\/en\\\/team\\\/dr-krzysztof-jacko\\\/\"},\"wordCount\":2277,\"inLanguage\":\"en-US\"},{\"@type\":\"WebPage\",\"@id\":\"https:\\\/\\\/www.fertimedica.pl\\\/en\\\/team\\\/dr-krzysztof-jacko\\\/\",\"url\":\"https:\\\/\\\/www.fertimedica.pl\\\/en\\\/team\\\/dr-krzysztof-jacko\\\/\",\"name\":\"Dr Krzysztof Jacko - FertiMedica\",\"isPartOf\":{\"@id\":\"https:\\\/\\\/www.fertimedica.pl\\\/en\\\/#website\"},\"datePublished\":\"2023-10-19T13:02:17+00:00\",\"dateModified\":\"2023-10-24T20:38:44+00:00\",\"breadcrumb\":{\"@id\":\"https:\\\/\\\/www.fertimedica.pl\\\/en\\\/team\\\/dr-krzysztof-jacko\\\/#breadcrumb\"},\"inLanguage\":\"en-US\",\"potentialAction\":[{\"@type\":\"ReadAction\",\"target\":[\"https:\\\/\\\/www.fertimedica.pl\\\/en\\\/team\\\/dr-krzysztof-jacko\\\/\"]}]},{\"@type\":\"BreadcrumbList\",\"@id\":\"https:\\\/\\\/www.fertimedica.pl\\\/en\\\/team\\\/dr-krzysztof-jacko\\\/#breadcrumb\",\"itemListElement\":[{\"@type\":\"ListItem\",\"position\":1,\"name\":\"Home\",\"item\":\"https:\\\/\\\/www.fertimedica.pl\\\/en\\\/\"},{\"@type\":\"ListItem\",\"position\":2,\"name\":\"Team\",\"item\":\"https:\\\/\\\/www.fertimedica.pl\\\/en\\\/team\\\/\"},{\"@type\":\"ListItem\",\"position\":3,\"name\":\"Dr Krzysztof Jacko\"}]},{\"@type\":\"WebSite\",\"@id\":\"https:\\\/\\\/www.fertimedica.pl\\\/en\\\/#website\",\"url\":\"https:\\\/\\\/www.fertimedica.pl\\\/en\\\/\",\"name\":\"Fertimedica - Leczenie niep\u0142odno\u015bci Warszawa\",\"description\":\"\",\"alternateName\":\"Fertimedica Warszawa\",\"potentialAction\":[{\"@type\":\"SearchAction\",\"target\":{\"@type\":\"EntryPoint\",\"urlTemplate\":\"https:\\\/\\\/www.fertimedica.pl\\\/en\\\/?s={search_term_string}\"},\"query-input\":{\"@type\":\"PropertyValueSpecification\",\"valueRequired\":true,\"valueName\":\"search_term_string\"}}],\"inLanguage\":\"en-US\"},{\"@type\":\"Person\",\"@id\":\"https:\\\/\\\/www.fertimedica.pl\\\/en\\\/#\\\/schema\\\/person\\\/af6a3b157e81f4a10462ae43f0573460\",\"name\":\"FertiMedica\",\"image\":{\"@type\":\"ImageObject\",\"inLanguage\":\"en-US\",\"@id\":\"https:\\\/\\\/secure.gravatar.com\\\/avatar\\\/d9b4b0ce7e8b8c1ce5db7c766bcdf5078ec15fcbb30c7a7dc8370dc38d8734f5?s=96&d=mm&r=g\",\"url\":\"https:\\\/\\\/secure.gravatar.com\\\/avatar\\\/d9b4b0ce7e8b8c1ce5db7c766bcdf5078ec15fcbb30c7a7dc8370dc38d8734f5?s=96&d=mm&r=g\",\"contentUrl\":\"https:\\\/\\\/secure.gravatar.com\\\/avatar\\\/d9b4b0ce7e8b8c1ce5db7c766bcdf5078ec15fcbb30c7a7dc8370dc38d8734f5?s=96&d=mm&r=g\",\"caption\":\"FertiMedica\"}}]}<\/script>\n<!-- \/ Yoast SEO plugin. -->","yoast_head_json":{"title":"Dr Krzysztof Jacko - FertiMedica","robots":{"index":"index","follow":"follow","max-snippet":"max-snippet:-1","max-image-preview":"max-image-preview:large","max-video-preview":"max-video-preview:-1"},"canonical":"https:\/\/www.fertimedica.pl\/en\/team\/dr-krzysztof-jacko\/","og_locale":"en_US","og_type":"article","og_title":"Dr Krzysztof Jacko - FertiMedica","og_url":"https:\/\/www.fertimedica.pl\/en\/team\/dr-krzysztof-jacko\/","og_site_name":"FertiMedica","article_publisher":"https:\/\/www.facebook.com\/FertiMedica","article_modified_time":"2023-10-24T20:38:44+00:00","twitter_card":"summary_large_image","twitter_misc":{"Est. reading time":"11 minutes"},"schema":{"@context":"https:\/\/schema.org","@graph":[{"@type":"NewsArticle","@id":"https:\/\/www.fertimedica.pl\/en\/team\/dr-krzysztof-jacko\/#article","isPartOf":{"@id":"https:\/\/www.fertimedica.pl\/en\/team\/dr-krzysztof-jacko\/"},"author":{"name":"FertiMedica","@id":"https:\/\/www.fertimedica.pl\/en\/#\/schema\/person\/af6a3b157e81f4a10462ae43f0573460"},"headline":"Dr Krzysztof Jacko","datePublished":"2023-10-19T13:02:17+00:00","dateModified":"2023-10-24T20:38:44+00:00","mainEntityOfPage":{"@id":"https:\/\/www.fertimedica.pl\/en\/team\/dr-krzysztof-jacko\/"},"wordCount":2277,"inLanguage":"en-US"},{"@type":"WebPage","@id":"https:\/\/www.fertimedica.pl\/en\/team\/dr-krzysztof-jacko\/","url":"https:\/\/www.fertimedica.pl\/en\/team\/dr-krzysztof-jacko\/","name":"Dr Krzysztof Jacko - FertiMedica","isPartOf":{"@id":"https:\/\/www.fertimedica.pl\/en\/#website"},"datePublished":"2023-10-19T13:02:17+00:00","dateModified":"2023-10-24T20:38:44+00:00","breadcrumb":{"@id":"https:\/\/www.fertimedica.pl\/en\/team\/dr-krzysztof-jacko\/#breadcrumb"},"inLanguage":"en-US","potentialAction":[{"@type":"ReadAction","target":["https:\/\/www.fertimedica.pl\/en\/team\/dr-krzysztof-jacko\/"]}]},{"@type":"BreadcrumbList","@id":"https:\/\/www.fertimedica.pl\/en\/team\/dr-krzysztof-jacko\/#breadcrumb","itemListElement":[{"@type":"ListItem","position":1,"name":"Home","item":"https:\/\/www.fertimedica.pl\/en\/"},{"@type":"ListItem","position":2,"name":"Team","item":"https:\/\/www.fertimedica.pl\/en\/team\/"},{"@type":"ListItem","position":3,"name":"Dr Krzysztof Jacko"}]},{"@type":"WebSite","@id":"https:\/\/www.fertimedica.pl\/en\/#website","url":"https:\/\/www.fertimedica.pl\/en\/","name":"Fertimedica - Leczenie niep\u0142odno\u015bci Warszawa","description":"","alternateName":"Fertimedica Warszawa","potentialAction":[{"@type":"SearchAction","target":{"@type":"EntryPoint","urlTemplate":"https:\/\/www.fertimedica.pl\/en\/?s={search_term_string}"},"query-input":{"@type":"PropertyValueSpecification","valueRequired":true,"valueName":"search_term_string"}}],"inLanguage":"en-US"},{"@type":"Person","@id":"https:\/\/www.fertimedica.pl\/en\/#\/schema\/person\/af6a3b157e81f4a10462ae43f0573460","name":"FertiMedica","image":{"@type":"ImageObject","inLanguage":"en-US","@id":"https:\/\/secure.gravatar.com\/avatar\/d9b4b0ce7e8b8c1ce5db7c766bcdf5078ec15fcbb30c7a7dc8370dc38d8734f5?s=96&d=mm&r=g","url":"https:\/\/secure.gravatar.com\/avatar\/d9b4b0ce7e8b8c1ce5db7c766bcdf5078ec15fcbb30c7a7dc8370dc38d8734f5?s=96&d=mm&r=g","contentUrl":"https:\/\/secure.gravatar.com\/avatar\/d9b4b0ce7e8b8c1ce5db7c766bcdf5078ec15fcbb30c7a7dc8370dc38d8734f5?s=96&d=mm&r=g","caption":"FertiMedica"}}]}},"_links":{"self":[{"href":"https:\/\/www.fertimedica.pl\/en\/wp-json\/wp\/v2\/pages\/3127","targetHints":{"allow":["GET"]}}],"collection":[{"href":"https:\/\/www.fertimedica.pl\/en\/wp-json\/wp\/v2\/pages"}],"about":[{"href":"https:\/\/www.fertimedica.pl\/en\/wp-json\/wp\/v2\/types\/page"}],"author":[{"embeddable":true,"href":"https:\/\/www.fertimedica.pl\/en\/wp-json\/wp\/v2\/users\/2"}],"replies":[{"embeddable":true,"href":"https:\/\/www.fertimedica.pl\/en\/wp-json\/wp\/v2\/comments?post=3127"}],"version-history":[{"count":3,"href":"https:\/\/www.fertimedica.pl\/en\/wp-json\/wp\/v2\/pages\/3127\/revisions"}],"predecessor-version":[{"id":3365,"href":"https:\/\/www.fertimedica.pl\/en\/wp-json\/wp\/v2\/pages\/3127\/revisions\/3365"}],"up":[{"embeddable":true,"href":"https:\/\/www.fertimedica.pl\/en\/wp-json\/wp\/v2\/pages\/3097"}],"wp:attachment":[{"href":"https:\/\/www.fertimedica.pl\/en\/wp-json\/wp\/v2\/media?parent=3127"}],"curies":[{"name":"wp","href":"https:\/\/api.w.org\/{rel}","templated":true}]}}