{"id":3257,"date":"2023-08-07T20:31:00","date_gmt":"2023-08-07T18:31:00","guid":{"rendered":"https:\/\/fm.yumistudio.pl\/team\/for-us-all-that-counts-is-a-human-being-we-know-what-our-patients-go-through-we-know-those-emotions-anxiety-feeling-of-helplessness-we-are-here-to-go-through-it-together-i-enc\/"},"modified":"2023-10-23T09:40:42","modified_gmt":"2023-10-23T07:40:42","slug":"for-us-all-that-counts-is-a-human-being-we-know-what-our-patients-go-through-we-know-those-emotions-anxiety-feeling-of-helplessness-we-are-here-to-go-through-it-together-i-enc","status":"publish","type":"page","link":"https:\/\/www.fertimedica.pl\/en\/team\/for-us-all-that-counts-is-a-human-being-we-know-what-our-patients-go-through-we-know-those-emotions-anxiety-feeling-of-helplessness-we-are-here-to-go-through-it-together-i-enc\/","title":{"rendered":"For us, all that counts is a human being. We know what our patients go through \u2013 we know those emotions, anxiety, feeling of helplessness \u2013 we are here to go through it together. I encourage you to make an appointment at FertiMedica. Find out that you can be treated differently."},"content":{"rendered":"<div class=\"fusion-fullwidth fullwidth-box fusion-builder-row-1 fusion-flex-container has-pattern-background has-mask-background nonhundred-percent-fullwidth non-hundred-percent-height-scrolling\" style=\"--awb-border-radius-top-left:0px;--awb-border-radius-top-right:0px;--awb-border-radius-bottom-right:0px;--awb-border-radius-bottom-left:0px;--awb-flex-wrap:wrap;\" ><div class=\"fusion-builder-row fusion-row fusion-flex-align-items-flex-start fusion-flex-content-wrap\" style=\"max-width:1185.6px;margin-left: calc(-4% \/ 2 );margin-right: calc(-4% \/ 2 );\"><div class=\"fusion-layout-column fusion_builder_column fusion-builder-column-0 fusion_builder_column_2_3 2_3 fusion-flex-column\" style=\"--awb-bg-size:cover;--awb-width-large:66.666666666667%;--awb-margin-top-large:0px;--awb-spacing-right-large:2.88%;--awb-margin-bottom-large:0px;--awb-spacing-left-large:2.88%;--awb-width-medium:100%;--awb-order-medium:0;--awb-spacing-right-medium:1.92%;--awb-spacing-left-medium:1.92%;--awb-width-small:100%;--awb-order-small:0;--awb-spacing-right-small:1.92%;--awb-spacing-left-small:1.92%;\"><div class=\"fusion-column-wrapper fusion-column-has-shadow fusion-flex-justify-content-flex-start fusion-content-layout-column\"><div class=\"fusion-text fusion-text-1\"><p>Infertility? I know what it means. Obsessive waiting for two lines on the pregnancy test, endless frustration, thousands of medical tests, treatment, a moment of hope, then despair and so on, over and over again \u2026 cycle after cycle, month after month.  <\/p>\n<p>The period of trying for a child was very difficult for me. I was treated in one of Warsaw\u2019s clinics. It was impersonal, fast and automatic-like. Nobody stopped for a moment to talk to me, to try to support me or advise me how I should find myself in this situation and how I should deal with the overwhelming reality.   <\/p>\n<p>I decided to create such a place. Believe me, it was not easy. The hardest part was finding people who shared my thoughts about infertility, and yet had extensive knowledge and experience in its treatment. I succeeded! FertiMedica was founded \u2013 a place created for patients by the people for whom not only the result of the therapy matters, but also the way it is achieved.  <\/p>\n<p>Postanowi\u0142am stworzy\u0107 takie miejsce. Uwierzcie mi, \u017ce nie by\u0142o \u0142atwo. Najtrudniejsze okaza\u0142o si\u0119 znalezienie os\u00f3b, kt\u00f3re o niep\u0142odno\u015bci my\u015bla\u0142y tak jak ja, a jednocze\u015bnie mia\u0142y olbrzymi\u0105 wiedz\u0119 oraz do\u015bwiadczenie w jej leczeniu. Uda\u0142o si\u0119! Powsta\u0142a FertiMedica \u2013 miejsce stworzone dla pacjent\u00f3w przez ludzi, dla kt\u00f3rych liczy si\u0119 nie tylko rezultat terapii, ale tak\u017ce to, jak zostaje on osi\u0105gni\u0119ty.    <\/p>\n<p>For us, all that counts is a human being. We know what our patients go through \u2013 we know those emotions, anxiety, feeling of helplessness \u2013 we are here to go through it together. I encourage you to make an appointment at FertiMedica. Find out that you can be treated differently. <\/p>\n<h3><a href=\"https:\/\/fertimedica.pl\/nasza-klinika\/\">Click and read about our clinic and its specialists.<\/a><\/h3>\n<\/div><\/div><\/div><div class=\"fusion-layout-column fusion_builder_column fusion-builder-column-1 fusion_builder_column_1_3 1_3 fusion-flex-column\" style=\"--awb-bg-size:cover;--awb-width-large:33.333333333333%;--awb-margin-top-large:0px;--awb-spacing-right-large:5.76%;--awb-margin-bottom-large:0px;--awb-spacing-left-large:5.76%;--awb-width-medium:100%;--awb-order-medium:0;--awb-spacing-right-medium:1.92%;--awb-spacing-left-medium:1.92%;--awb-width-small:100%;--awb-order-small:0;--awb-spacing-right-small:1.92%;--awb-spacing-left-small:1.92%;\"><div class=\"fusion-column-wrapper fusion-column-has-shadow fusion-flex-justify-content-flex-start fusion-content-layout-column\"><div class=\"fusion-image-element \" style=\"--awb-caption-title-font-family:var(--h2_typography-font-family);--awb-caption-title-font-weight:var(--h2_typography-font-weight);--awb-caption-title-font-style:var(--h2_typography-font-style);--awb-caption-title-size:var(--h2_typography-font-size);--awb-caption-title-transform:var(--h2_typography-text-transform);--awb-caption-title-line-height:var(--h2_typography-line-height);--awb-caption-title-letter-spacing:var(--h2_typography-letter-spacing);\"><span class=\" fusion-imageframe imageframe-none imageframe-1 hover-type-none\"><img decoding=\"async\" width=\"200\" height=\"306\" title=\"mvt4\" src=\"https:\/\/www.fertimedica.pl\/wp-content\/uploads\/2023\/08\/mvt4-jpg.webp\" data-orig-src=\"https:\/\/www.fertimedica.pl\/wp-content\/uploads\/2023\/08\/mvt4-200x306.webp\" alt class=\"lazyload img-responsive wp-image-1750\" srcset=\"data:image\/svg+xml,%3Csvg%20xmlns%3D%27http%3A%2F%2Fwww.w3.org%2F2000%2Fsvg%27%20width%3D%27426%27%20height%3D%27651%27%20viewBox%3D%270%200%20426%20651%27%3E%3Crect%20width%3D%27426%27%20height%3D%27651%27%20fill-opacity%3D%220%22%2F%3E%3C%2Fsvg%3E\" data-srcset=\"https:\/\/www.fertimedica.pl\/wp-content\/uploads\/2023\/08\/mvt4-200x306.webp 200w, https:\/\/www.fertimedica.pl\/wp-content\/uploads\/2023\/08\/mvt4-400x611.webp 400w, https:\/\/www.fertimedica.pl\/wp-content\/uploads\/2023\/08\/mvt4-jpg.webp 426w\" data-sizes=\"auto\" data-orig-sizes=\"(max-width: 1024px) 100vw, (max-width: 640px) 100vw, 400px\" \/><\/span><\/div><\/div><\/div><\/div><\/div>\n","protected":false},"excerpt":{"rendered":"","protected":false},"author":4,"featured_media":0,"parent":3097,"menu_order":0,"comment_status":"closed","ping_status":"closed","template":"","meta":{"footnotes":""},"class_list":["post-3257","page","type-page","status-publish","hentry"],"yoast_head":"<!-- This site is optimized with the Yoast SEO plugin v27.5 - https:\/\/yoast.com\/product\/yoast-seo-wordpress\/ -->\n<title>For us, all that counts is a human being. We know what our patients go through \u2013 we know those emotions, anxiety, feeling of helplessness \u2013 we are here to go through it together. I encourage you to make an appointment at FertiMedica. Find out that you can be treated differently. - FertiMedica<\/title>\n<meta name=\"robots\" content=\"index, follow, max-snippet:-1, max-image-preview:large, max-video-preview:-1\" \/>\n<link rel=\"canonical\" href=\"https:\/\/www.fertimedica.pl\/en\/team\/for-us-all-that-counts-is-a-human-being-we-know-what-our-patients-go-through-we-know-those-emotions-anxiety-feeling-of-helplessness-we-are-here-to-go-through-it-together-i-enc\/\" \/>\n<meta property=\"og:locale\" content=\"en_US\" \/>\n<meta property=\"og:type\" content=\"article\" \/>\n<meta property=\"og:title\" content=\"For us, all that counts is a human being. We know what our patients go through \u2013 we know those emotions, anxiety, feeling of helplessness \u2013 we are here to go through it together. I encourage you to make an appointment at FertiMedica. Find out that you can be treated differently. - FertiMedica\" \/>\n<meta property=\"og:url\" content=\"https:\/\/www.fertimedica.pl\/en\/team\/for-us-all-that-counts-is-a-human-being-we-know-what-our-patients-go-through-we-know-those-emotions-anxiety-feeling-of-helplessness-we-are-here-to-go-through-it-together-i-enc\/\" \/>\n<meta property=\"og:site_name\" content=\"FertiMedica\" \/>\n<meta property=\"article:publisher\" content=\"https:\/\/www.facebook.com\/FertiMedica\" \/>\n<meta property=\"article:modified_time\" content=\"2023-10-23T07:40:42+00:00\" \/>\n<meta name=\"twitter:card\" content=\"summary_large_image\" \/>\n<meta name=\"twitter:label1\" content=\"Est. reading time\" \/>\n\t<meta name=\"twitter:data1\" content=\"10 minutes\" \/>\n<script type=\"application\/ld+json\" class=\"yoast-schema-graph\">{\"@context\":\"https:\\\/\\\/schema.org\",\"@graph\":[{\"@type\":\"NewsArticle\",\"@id\":\"https:\\\/\\\/www.fertimedica.pl\\\/en\\\/team\\\/for-us-all-that-counts-is-a-human-being-we-know-what-our-patients-go-through-we-know-those-emotions-anxiety-feeling-of-helplessness-we-are-here-to-go-through-it-together-i-enc\\\/#article\",\"isPartOf\":{\"@id\":\"https:\\\/\\\/www.fertimedica.pl\\\/en\\\/team\\\/for-us-all-that-counts-is-a-human-being-we-know-what-our-patients-go-through-we-know-those-emotions-anxiety-feeling-of-helplessness-we-are-here-to-go-through-it-together-i-enc\\\/\"},\"author\":{\"name\":\"Natalia Bok\",\"@id\":\"https:\\\/\\\/www.fertimedica.pl\\\/en\\\/#\\\/schema\\\/person\\\/1ee3d1d96a243161997ba1b2e842575f\"},\"headline\":\"For us, all that counts is a human being. We know what our patients go through \u2013 we know those emotions, anxiety, feeling of helplessness \u2013 we are here to go through it together. I encourage you to make an appointment at FertiMedica. Find out that you can be treated differently.\",\"datePublished\":\"2023-08-07T18:31:00+00:00\",\"dateModified\":\"2023-10-23T07:40:42+00:00\",\"mainEntityOfPage\":{\"@id\":\"https:\\\/\\\/www.fertimedica.pl\\\/en\\\/team\\\/for-us-all-that-counts-is-a-human-being-we-know-what-our-patients-go-through-we-know-those-emotions-anxiety-feeling-of-helplessness-we-are-here-to-go-through-it-together-i-enc\\\/\"},\"wordCount\":2006,\"inLanguage\":\"en-US\"},{\"@type\":\"WebPage\",\"@id\":\"https:\\\/\\\/www.fertimedica.pl\\\/en\\\/team\\\/for-us-all-that-counts-is-a-human-being-we-know-what-our-patients-go-through-we-know-those-emotions-anxiety-feeling-of-helplessness-we-are-here-to-go-through-it-together-i-enc\\\/\",\"url\":\"https:\\\/\\\/www.fertimedica.pl\\\/en\\\/team\\\/for-us-all-that-counts-is-a-human-being-we-know-what-our-patients-go-through-we-know-those-emotions-anxiety-feeling-of-helplessness-we-are-here-to-go-through-it-together-i-enc\\\/\",\"name\":\"For us, all that counts is a human being. We know what our patients go through \u2013 we know those emotions, anxiety, feeling of helplessness \u2013 we are here to go through it together. I encourage you to make an appointment at FertiMedica. Find out that you can be treated differently. - FertiMedica\",\"isPartOf\":{\"@id\":\"https:\\\/\\\/www.fertimedica.pl\\\/en\\\/#website\"},\"datePublished\":\"2023-08-07T18:31:00+00:00\",\"dateModified\":\"2023-10-23T07:40:42+00:00\",\"breadcrumb\":{\"@id\":\"https:\\\/\\\/www.fertimedica.pl\\\/en\\\/team\\\/for-us-all-that-counts-is-a-human-being-we-know-what-our-patients-go-through-we-know-those-emotions-anxiety-feeling-of-helplessness-we-are-here-to-go-through-it-together-i-enc\\\/#breadcrumb\"},\"inLanguage\":\"en-US\",\"potentialAction\":[{\"@type\":\"ReadAction\",\"target\":[\"https:\\\/\\\/www.fertimedica.pl\\\/en\\\/team\\\/for-us-all-that-counts-is-a-human-being-we-know-what-our-patients-go-through-we-know-those-emotions-anxiety-feeling-of-helplessness-we-are-here-to-go-through-it-together-i-enc\\\/\"]}]},{\"@type\":\"BreadcrumbList\",\"@id\":\"https:\\\/\\\/www.fertimedica.pl\\\/en\\\/team\\\/for-us-all-that-counts-is-a-human-being-we-know-what-our-patients-go-through-we-know-those-emotions-anxiety-feeling-of-helplessness-we-are-here-to-go-through-it-together-i-enc\\\/#breadcrumb\",\"itemListElement\":[{\"@type\":\"ListItem\",\"position\":1,\"name\":\"Home\",\"item\":\"https:\\\/\\\/www.fertimedica.pl\\\/en\\\/\"},{\"@type\":\"ListItem\",\"position\":2,\"name\":\"Team\",\"item\":\"https:\\\/\\\/www.fertimedica.pl\\\/en\\\/team\\\/\"},{\"@type\":\"ListItem\",\"position\":3,\"name\":\"For us, all that counts is a human being. We know what our patients go through \u2013 we know those emotions, anxiety, feeling of helplessness \u2013 we are here to go through it together. I encourage you to make an appointment at FertiMedica. Find out that you can be treated differently.\"}]},{\"@type\":\"WebSite\",\"@id\":\"https:\\\/\\\/www.fertimedica.pl\\\/en\\\/#website\",\"url\":\"https:\\\/\\\/www.fertimedica.pl\\\/en\\\/\",\"name\":\"Fertimedica - Leczenie niep\u0142odno\u015bci Warszawa\",\"description\":\"\",\"alternateName\":\"Fertimedica Warszawa\",\"potentialAction\":[{\"@type\":\"SearchAction\",\"target\":{\"@type\":\"EntryPoint\",\"urlTemplate\":\"https:\\\/\\\/www.fertimedica.pl\\\/en\\\/?s={search_term_string}\"},\"query-input\":{\"@type\":\"PropertyValueSpecification\",\"valueRequired\":true,\"valueName\":\"search_term_string\"}}],\"inLanguage\":\"en-US\"},{\"@type\":\"Person\",\"@id\":\"https:\\\/\\\/www.fertimedica.pl\\\/en\\\/#\\\/schema\\\/person\\\/1ee3d1d96a243161997ba1b2e842575f\",\"name\":\"Natalia Bok\",\"image\":{\"@type\":\"ImageObject\",\"inLanguage\":\"en-US\",\"@id\":\"https:\\\/\\\/secure.gravatar.com\\\/avatar\\\/d7de51a7a275a5317c760cd2a049de04f50d39f689cc50520ceb9e602a9a5177?s=96&d=mm&r=g\",\"url\":\"https:\\\/\\\/secure.gravatar.com\\\/avatar\\\/d7de51a7a275a5317c760cd2a049de04f50d39f689cc50520ceb9e602a9a5177?s=96&d=mm&r=g\",\"contentUrl\":\"https:\\\/\\\/secure.gravatar.com\\\/avatar\\\/d7de51a7a275a5317c760cd2a049de04f50d39f689cc50520ceb9e602a9a5177?s=96&d=mm&r=g\",\"caption\":\"Natalia Bok\"}}]}<\/script>\n<!-- \/ Yoast SEO plugin. -->","yoast_head_json":{"title":"For us, all that counts is a human being. We know what our patients go through \u2013 we know those emotions, anxiety, feeling of helplessness \u2013 we are here to go through it together. I encourage you to make an appointment at FertiMedica. Find out that you can be treated differently. - FertiMedica","robots":{"index":"index","follow":"follow","max-snippet":"max-snippet:-1","max-image-preview":"max-image-preview:large","max-video-preview":"max-video-preview:-1"},"canonical":"https:\/\/www.fertimedica.pl\/en\/team\/for-us-all-that-counts-is-a-human-being-we-know-what-our-patients-go-through-we-know-those-emotions-anxiety-feeling-of-helplessness-we-are-here-to-go-through-it-together-i-enc\/","og_locale":"en_US","og_type":"article","og_title":"For us, all that counts is a human being. We know what our patients go through \u2013 we know those emotions, anxiety, feeling of helplessness \u2013 we are here to go through it together. I encourage you to make an appointment at FertiMedica. Find out that you can be treated differently. - FertiMedica","og_url":"https:\/\/www.fertimedica.pl\/en\/team\/for-us-all-that-counts-is-a-human-being-we-know-what-our-patients-go-through-we-know-those-emotions-anxiety-feeling-of-helplessness-we-are-here-to-go-through-it-together-i-enc\/","og_site_name":"FertiMedica","article_publisher":"https:\/\/www.facebook.com\/FertiMedica","article_modified_time":"2023-10-23T07:40:42+00:00","twitter_card":"summary_large_image","twitter_misc":{"Est. reading time":"10 minutes"},"schema":{"@context":"https:\/\/schema.org","@graph":[{"@type":"NewsArticle","@id":"https:\/\/www.fertimedica.pl\/en\/team\/for-us-all-that-counts-is-a-human-being-we-know-what-our-patients-go-through-we-know-those-emotions-anxiety-feeling-of-helplessness-we-are-here-to-go-through-it-together-i-enc\/#article","isPartOf":{"@id":"https:\/\/www.fertimedica.pl\/en\/team\/for-us-all-that-counts-is-a-human-being-we-know-what-our-patients-go-through-we-know-those-emotions-anxiety-feeling-of-helplessness-we-are-here-to-go-through-it-together-i-enc\/"},"author":{"name":"Natalia Bok","@id":"https:\/\/www.fertimedica.pl\/en\/#\/schema\/person\/1ee3d1d96a243161997ba1b2e842575f"},"headline":"For us, all that counts is a human being. We know what our patients go through \u2013 we know those emotions, anxiety, feeling of helplessness \u2013 we are here to go through it together. I encourage you to make an appointment at FertiMedica. Find out that you can be treated differently.","datePublished":"2023-08-07T18:31:00+00:00","dateModified":"2023-10-23T07:40:42+00:00","mainEntityOfPage":{"@id":"https:\/\/www.fertimedica.pl\/en\/team\/for-us-all-that-counts-is-a-human-being-we-know-what-our-patients-go-through-we-know-those-emotions-anxiety-feeling-of-helplessness-we-are-here-to-go-through-it-together-i-enc\/"},"wordCount":2006,"inLanguage":"en-US"},{"@type":"WebPage","@id":"https:\/\/www.fertimedica.pl\/en\/team\/for-us-all-that-counts-is-a-human-being-we-know-what-our-patients-go-through-we-know-those-emotions-anxiety-feeling-of-helplessness-we-are-here-to-go-through-it-together-i-enc\/","url":"https:\/\/www.fertimedica.pl\/en\/team\/for-us-all-that-counts-is-a-human-being-we-know-what-our-patients-go-through-we-know-those-emotions-anxiety-feeling-of-helplessness-we-are-here-to-go-through-it-together-i-enc\/","name":"For us, all that counts is a human being. We know what our patients go through \u2013 we know those emotions, anxiety, feeling of helplessness \u2013 we are here to go through it together. I encourage you to make an appointment at FertiMedica. Find out that you can be treated differently. - FertiMedica","isPartOf":{"@id":"https:\/\/www.fertimedica.pl\/en\/#website"},"datePublished":"2023-08-07T18:31:00+00:00","dateModified":"2023-10-23T07:40:42+00:00","breadcrumb":{"@id":"https:\/\/www.fertimedica.pl\/en\/team\/for-us-all-that-counts-is-a-human-being-we-know-what-our-patients-go-through-we-know-those-emotions-anxiety-feeling-of-helplessness-we-are-here-to-go-through-it-together-i-enc\/#breadcrumb"},"inLanguage":"en-US","potentialAction":[{"@type":"ReadAction","target":["https:\/\/www.fertimedica.pl\/en\/team\/for-us-all-that-counts-is-a-human-being-we-know-what-our-patients-go-through-we-know-those-emotions-anxiety-feeling-of-helplessness-we-are-here-to-go-through-it-together-i-enc\/"]}]},{"@type":"BreadcrumbList","@id":"https:\/\/www.fertimedica.pl\/en\/team\/for-us-all-that-counts-is-a-human-being-we-know-what-our-patients-go-through-we-know-those-emotions-anxiety-feeling-of-helplessness-we-are-here-to-go-through-it-together-i-enc\/#breadcrumb","itemListElement":[{"@type":"ListItem","position":1,"name":"Home","item":"https:\/\/www.fertimedica.pl\/en\/"},{"@type":"ListItem","position":2,"name":"Team","item":"https:\/\/www.fertimedica.pl\/en\/team\/"},{"@type":"ListItem","position":3,"name":"For us, all that counts is a human being. We know what our patients go through \u2013 we know those emotions, anxiety, feeling of helplessness \u2013 we are here to go through it together. I encourage you to make an appointment at FertiMedica. Find out that you can be treated differently."}]},{"@type":"WebSite","@id":"https:\/\/www.fertimedica.pl\/en\/#website","url":"https:\/\/www.fertimedica.pl\/en\/","name":"Fertimedica - Leczenie niep\u0142odno\u015bci Warszawa","description":"","alternateName":"Fertimedica Warszawa","potentialAction":[{"@type":"SearchAction","target":{"@type":"EntryPoint","urlTemplate":"https:\/\/www.fertimedica.pl\/en\/?s={search_term_string}"},"query-input":{"@type":"PropertyValueSpecification","valueRequired":true,"valueName":"search_term_string"}}],"inLanguage":"en-US"},{"@type":"Person","@id":"https:\/\/www.fertimedica.pl\/en\/#\/schema\/person\/1ee3d1d96a243161997ba1b2e842575f","name":"Natalia Bok","image":{"@type":"ImageObject","inLanguage":"en-US","@id":"https:\/\/secure.gravatar.com\/avatar\/d7de51a7a275a5317c760cd2a049de04f50d39f689cc50520ceb9e602a9a5177?s=96&d=mm&r=g","url":"https:\/\/secure.gravatar.com\/avatar\/d7de51a7a275a5317c760cd2a049de04f50d39f689cc50520ceb9e602a9a5177?s=96&d=mm&r=g","contentUrl":"https:\/\/secure.gravatar.com\/avatar\/d7de51a7a275a5317c760cd2a049de04f50d39f689cc50520ceb9e602a9a5177?s=96&d=mm&r=g","caption":"Natalia Bok"}}]}},"_links":{"self":[{"href":"https:\/\/www.fertimedica.pl\/en\/wp-json\/wp\/v2\/pages\/3257","targetHints":{"allow":["GET"]}}],"collection":[{"href":"https:\/\/www.fertimedica.pl\/en\/wp-json\/wp\/v2\/pages"}],"about":[{"href":"https:\/\/www.fertimedica.pl\/en\/wp-json\/wp\/v2\/types\/page"}],"author":[{"embeddable":true,"href":"https:\/\/www.fertimedica.pl\/en\/wp-json\/wp\/v2\/users\/4"}],"replies":[{"embeddable":true,"href":"https:\/\/www.fertimedica.pl\/en\/wp-json\/wp\/v2\/comments?post=3257"}],"version-history":[{"count":5,"href":"https:\/\/www.fertimedica.pl\/en\/wp-json\/wp\/v2\/pages\/3257\/revisions"}],"predecessor-version":[{"id":3265,"href":"https:\/\/www.fertimedica.pl\/en\/wp-json\/wp\/v2\/pages\/3257\/revisions\/3265"}],"up":[{"embeddable":true,"href":"https:\/\/www.fertimedica.pl\/en\/wp-json\/wp\/v2\/pages\/3097"}],"wp:attachment":[{"href":"https:\/\/www.fertimedica.pl\/en\/wp-json\/wp\/v2\/media?parent=3257"}],"curies":[{"name":"wp","href":"https:\/\/api.w.org\/{rel}","templated":true}]}}