{"id":3856,"date":"2023-08-05T11:25:07","date_gmt":"2023-08-05T09:25:07","guid":{"rendered":"https:\/\/fm.yumistudio.pl\/diagnostics\/the-tubal-patency-test-hycosy\/"},"modified":"2023-12-19T16:40:02","modified_gmt":"2023-12-19T15:40:02","slug":"the-tubal-patency-test-hycosy","status":"publish","type":"page","link":"https:\/\/www.fertimedica.pl\/en\/diagnostics\/the-tubal-patency-test-hycosy\/","title":{"rendered":"The tubal patency test HyCoSy"},"content":{"rendered":"<p><div class=\"fusion-fullwidth fullwidth-box fusion-builder-row-1 fusion-flex-container has-pattern-background has-mask-background fusion-parallax-none nonhundred-percent-fullwidth non-hundred-percent-height-scrolling lazyload\" style=\"--awb-background-position:center top;--awb-border-radius-top-left:0px;--awb-border-radius-top-right:0px;--awb-border-radius-bottom-right:0px;--awb-border-radius-bottom-left:0px;--awb-padding-top:18%;--awb-padding-bottom:12%;--awb-background-image:linear-gradient(0deg, hsla(var(--awb-color5-h),var(--awb-color5-s),var(--awb-color5-l),calc(var(--awb-color5-a) - 20%)) 0%,hsla(var(--awb-color8-h),var(--awb-color8-s),calc( var(--awb-color8-l) - 20% ),calc( var(--awb-color8-a) - 55% )) 100%);;--awb-background-size:cover;--awb-flex-wrap:wrap;\" data-bg=\"https:\/\/www.fertimedica.pl\/wp-content\/uploads\/2023\/11\/diagnostyka.png\" data-bg-gradient=\"linear-gradient(0deg, hsla(var(--awb-color5-h),var(--awb-color5-s),var(--awb-color5-l),calc(var(--awb-color5-a) - 20%)) 0%,hsla(var(--awb-color8-h),var(--awb-color8-s),calc( var(--awb-color8-l) - 20% ),calc( var(--awb-color8-a) - 55% )) 100%)\" ><div class=\"fusion-builder-row fusion-row fusion-flex-align-items-flex-start fusion-flex-content-wrap\" style=\"max-width:calc( 1140px + 0px );margin-left: calc(-0px \/ 2 );margin-right: calc(-0px \/ 2 );\"><div class=\"fusion-layout-column fusion_builder_column fusion-builder-column-0 fusion_builder_column_1_1 1_1 fusion-flex-column fusion-animated\" style=\"--awb-bg-position:center center;--awb-bg-size:cover;--awb-width-large:100%;--awb-margin-top-large:0px;--awb-spacing-right-large:0px;--awb-margin-bottom-large:0px;--awb-spacing-left-large:0px;--awb-width-medium:100%;--awb-spacing-right-medium:0px;--awb-spacing-left-medium:0px;--awb-width-small:100%;--awb-spacing-right-small:0px;--awb-spacing-left-small:0px;\" data-animationType=\"fadeInUp\" data-animationDuration=\"1.0\" data-animationOffset=\"top-into-view\"><div class=\"fusion-column-wrapper fusion-column-has-shadow fusion-flex-justify-content-flex-start fusion-content-layout-column\"><div class=\"fusion-title title fusion-title-1 fusion-sep-none fusion-title-center fusion-title-text fusion-title-size-one\" style=\"--awb-margin-bottom:0px;--awb-margin-top-small:0px;--awb-margin-right-small:0px;--awb-margin-bottom-small:0px;--awb-margin-left-small:0px;\"><h1 class=\"fusion-title-heading title-heading-center fusion-responsive-typography-calculated\" style=\"margin:0;--fontSize:100;line-height:var(--awb-typography1-line-height);\"><p class=\"entry-title fusion-responsive-typography-calculated\" data-fontsize=\"30\" data-lineheight=\"45px\">The tubal patency test HyCoSy<\/p><\/h1><\/div><\/div><\/div><\/div><\/div><div class=\"fusion-fullwidth fullwidth-box fusion-builder-row-2 fusion-flex-container nonhundred-percent-fullwidth non-hundred-percent-height-scrolling\" style=\"--awb-border-radius-top-left:0px;--awb-border-radius-top-right:0px;--awb-border-radius-bottom-right:0px;--awb-border-radius-bottom-left:0px;--awb-padding-top:6%;--awb-padding-bottom:4%;--awb-padding-top-small:50px;--awb-padding-bottom-small:50px;--awb-flex-wrap:wrap;\" ><div class=\"fusion-builder-row fusion-row fusion-flex-align-items-flex-start fusion-flex-content-wrap\" style=\"max-width:calc( 1140px + 0px );margin-left: calc(-0px \/ 2 );margin-right: calc(-0px \/ 2 );\"><div class=\"fusion-layout-column fusion_builder_column fusion-builder-column-1 fusion_builder_column_1_1 1_1 fusion-flex-column fusion-animated\" style=\"--awb-padding-bottom:20px;--awb-bg-size:cover;--awb-width-large:100%;--awb-margin-top-large:0px;--awb-spacing-right-large:0px;--awb-margin-bottom-large:0px;--awb-spacing-left-large:0px;--awb-width-medium:100%;--awb-spacing-right-medium:0px;--awb-spacing-left-medium:0px;--awb-width-small:100%;--awb-spacing-right-small:0px;--awb-spacing-left-small:0px;\" data-animationType=\"fadeInUp\" data-animationDuration=\"1.0\" data-animationOffset=\"top-into-view\"><div class=\"fusion-column-wrapper fusion-column-has-shadow fusion-flex-justify-content-flex-start fusion-content-layout-column\"><div class=\"fusion-builder-row fusion-builder-row-inner fusion-row fusion-flex-align-items-flex-start fusion-flex-content-wrap\" style=\"--awb-flex-grow:0;--awb-flex-grow-medium:0;--awb-flex-grow-small:0;--awb-flex-shrink:0;--awb-flex-shrink-medium:0;--awb-flex-shrink-small:0;width:calc( 100% + 0px ) !important;max-width:calc( 100% + 0px ) !important;margin-left: calc(-0px \/ 2 );margin-right: calc(-0px \/ 2 );\"><div class=\"fusion-layout-column fusion_builder_column_inner fusion-builder-nested-column-0 fusion_builder_column_inner_1_6 1_6 fusion-flex-column\" style=\"--awb-bg-size:cover;--awb-width-large:16.666666666667%;--awb-margin-top-large:0px;--awb-spacing-right-large:0px;--awb-margin-bottom-large:0px;--awb-spacing-left-large:0px;--awb-width-medium:100%;--awb-spacing-right-medium:0px;--awb-spacing-left-medium:0px;--awb-width-small:100%;--awb-spacing-right-small:0px;--awb-spacing-left-small:0px;\"><div class=\"fusion-column-wrapper fusion-column-has-shadow fusion-flex-justify-content-flex-start fusion-content-layout-column\"><\/div><\/div><div class=\"fusion-layout-column fusion_builder_column_inner fusion-builder-nested-column-1 fusion_builder_column_inner_2_3 2_3 fusion-flex-column\" style=\"--awb-bg-size:cover;--awb-width-large:66.666666666667%;--awb-margin-top-large:0px;--awb-spacing-right-large:0px;--awb-margin-bottom-large:0px;--awb-spacing-left-large:0px;--awb-width-medium:100%;--awb-spacing-right-medium:0px;--awb-spacing-left-medium:0px;--awb-width-small:100%;--awb-spacing-right-small:0px;--awb-spacing-left-small:0px;\"><div class=\"fusion-column-wrapper fusion-column-has-shadow fusion-flex-justify-content-flex-start fusion-content-layout-column\"><div class=\"fusion-text fusion-text-1\" style=\"--awb-content-alignment:center;\"><h3 style=\"text-align: left;\"><strong>At FertiMedica we perform a tubal patency test using the HyCoSy method, which is safe and not very invasive.<\/strong><\/h3>\n<p style=\"text-align: left;\">The tubal patency test is one of the basic tests performed under comprehensive infertility diagnosis in a woman. This test may be performed using the following methods:<\/p>\n<ul style=\"text-align: left;\">\n<li>hysterosalpingo-contrast sonography (HyCoSy) using the ultrasonographic examination to observe the administered contrast agent. This examination enables the doctor to make an assessment of the uterine cavity and the patency of uterine tubes,<\/li>\n<li>or by using X-rays (classic SHG).<\/li>\n<\/ul>\n<p style=\"text-align: left;\">At FertiMedica we perform hysterosalpingo-contrast sonography (HyCoSy), which is safe and not very invasive. The contrast agent applied during the test does not cause any allergies. The agent has been closely examined with regard to potential toxicity for gametes and embryos, and tests have confirmed its safety in this respect.<\/p>\n<p style=\"text-align: left;\">Taking into account that the examination does not require the use of X-rays, there are no contraindications for trying to conceive a baby in the cycle, in which HyCoSy was performed.<\/p>\n<\/div><div class=\"fusion-video fusion-youtube\" style=\"--awb-max-width:600px;--awb-max-height:360px;--awb-align-self:center;--awb-width:100%;\"><div class=\"video-shortcode\"><lite-youtube videoid=\"uY6hO75eQq0\" class=\"landscape\" params=\"wmode=transparent&autoplay=1&amp;enablejsapi=1\" title=\"YouTube video player 1\" data-button-label=\"Play Video\" width=\"600\" height=\"360\" data-thumbnail-size=\"auto\" data-no-cookie=\"on\"><\/lite-youtube><\/div><\/div><div class=\"fusion-text fusion-text-2\" style=\"--awb-content-alignment:center;\"><h3 style=\"text-align: left;\">How to get ready for hysterosalpingo-contrast sonography (HyCoSy)?<\/h3>\n<p style=\"text-align: left;\">At FertiMedica, all patients wanting to perform the tubal patency test are qualified for it by the doctor. To be qualified, a patient needs to have the results of valid pap smear test (valid for 12 months), results of cervical canal culture (from the last 3 months) and cervical smear test for Chlamydia (valid for 3 months).<\/p>\n<p style=\"text-align: left;\">The examination itself is performed in a particular moment of a cycle, preferably right after menstruation, however, not later than before ovulation. To prepare for the examination, a patient is asked to take, an hour before scheduled examination, analgesics and a muscle relaxant prescribed by the doctor during the qualification visit. W ramach przygotowania do badania pacjentka proszona jest o przyj\u0119cie, na godzin\u0119 przed planowanym badaniem, lek\u00f3w przeciwb\u00f3lowych i rozkurczowych, zleconych przez lekarza podczas wizyty kwalifikacyjnej.<\/p>\n<p style=\"text-align: left;\">Upon request of a patient, the tubal patency test may be performed under short intravenous anesthesia. In such a case it is necessary to have an anesthesiological consultation and submit the valid results of a blood test: blood cell count, coagulation parameters, ionogram and blood group. The test has to be performed under fasting conditions.<\/p>\n<\/div><\/div><\/div><div class=\"fusion-layout-column fusion_builder_column_inner fusion-builder-nested-column-2 fusion_builder_column_inner_1_6 1_6 fusion-flex-column\" style=\"--awb-bg-size:cover;--awb-width-large:16.666666666667%;--awb-margin-top-large:0px;--awb-spacing-right-large:0px;--awb-margin-bottom-large:0px;--awb-spacing-left-large:0px;--awb-width-medium:100%;--awb-spacing-right-medium:0px;--awb-spacing-left-medium:0px;--awb-width-small:100%;--awb-spacing-right-small:0px;--awb-spacing-left-small:0px;\"><div class=\"fusion-column-wrapper fusion-column-has-shadow fusion-flex-justify-content-flex-start fusion-content-layout-column\"><\/div><\/div><\/div><\/div><\/div><\/div><\/div><div class=\"fusion-fullwidth fullwidth-box fusion-builder-row-3 fusion-flex-container fusion-parallax-none nonhundred-percent-fullwidth non-hundred-percent-height-scrolling lazyload\" style=\"--awb-background-position:center bottom;--awb-border-radius-top-left:0px;--awb-border-radius-top-right:0px;--awb-border-radius-bottom-right:0px;--awb-border-radius-bottom-left:0px;--awb-padding-bottom:4%;--awb-background-image:linear-gradient(180deg, var(--awb-color1) 0%,rgba(255,255,255,0) 100%);;--awb-background-size:cover;--awb-flex-wrap:wrap;\" data-bg=\"https:\/\/www.fertimedica.pl\/wp-content\/uploads\/2019\/10\/cta-background-mandala-1-scaled.jpg\" data-bg-gradient=\"linear-gradient(180deg, var(--awb-color1) 0%,rgba(255,255,255,0) 100%)\" ><div class=\"fusion-builder-row fusion-row fusion-flex-align-items-flex-start fusion-flex-content-wrap\" style=\"max-width:1185.6px;margin-left: calc(-4% \/ 2 );margin-right: calc(-4% \/ 2 );\"><div class=\"fusion-layout-column fusion_builder_column fusion-builder-column-2 fusion_builder_column_1_6 1_6 fusion-flex-column\" style=\"--awb-bg-size:cover;--awb-width-large:16.666666666667%;--awb-margin-top-large:0px;--awb-spacing-right-large:11.52%;--awb-margin-bottom-large:0px;--awb-spacing-left-large:11.52%;--awb-width-medium:100%;--awb-spacing-right-medium:1.92%;--awb-spacing-left-medium:1.92%;--awb-width-small:100%;--awb-spacing-right-small:1.92%;--awb-spacing-left-small:1.92%;\"><div class=\"fusion-column-wrapper fusion-column-has-shadow fusion-flex-justify-content-flex-start fusion-content-layout-column\"><\/div><\/div><div class=\"fusion-layout-column fusion_builder_column fusion-builder-column-3 fusion_builder_column_2_3 2_3 fusion-flex-column fusion-animated\" style=\"--awb-padding-top:60px;--awb-padding-right:30px;--awb-padding-bottom:60px;--awb-padding-left:30px;--awb-overflow:hidden;--awb-bg-color:var(--awb-color1);--awb-bg-color-hover:var(--awb-color1);--awb-bg-size:cover;--awb-box-shadow:0px 20px 26px 0px hsla(var(--awb-color8-h),var(--awb-color8-s),calc( var(--awb-color8-l) - 20% ),calc( var(--awb-color8-a) - 88% ));;--awb-border-radius:12px 12px 12px 12px;--awb-width-large:66.666666666667%;--awb-margin-top-large:-30px;--awb-spacing-right-large:2.88%;--awb-margin-bottom-large:60px;--awb-spacing-left-large:2.88%;--awb-width-medium:100%;--awb-spacing-right-medium:1.92%;--awb-spacing-left-medium:1.92%;--awb-width-small:100%;--awb-spacing-right-small:1.92%;--awb-spacing-left-small:1.92%;\" data-animationType=\"fadeInUp\" data-animationDuration=\"1.0\" data-animationOffset=\"top-into-view\"><div class=\"fusion-column-wrapper fusion-column-has-shadow fusion-flex-justify-content-flex-start fusion-content-layout-column\"><div class=\"fusion-text fusion-text-3\" style=\"--awb-content-alignment:center;--awb-font-size:var(--awb-typography2-font-size);--awb-line-height:var(--awb-typography2-line-height);--awb-letter-spacing:var(--awb-typography2-letter-spacing);--awb-text-transform:var(--awb-typography2-text-transform);--awb-text-font-family:var(--awb-typography2-font-family);--awb-text-font-weight:var(--awb-typography2-font-weight);--awb-text-font-style:var(--awb-typography2-font-style);\"><p>Zapraszamy do FertiMedica<\/p>\n<\/div><div class=\"fusion-title title fusion-title-2 fusion-sep-none fusion-title-center fusion-title-text fusion-title-size-two\" style=\"--awb-margin-top:-30px;--awb-margin-bottom:10px;--awb-margin-top-small:0px;--awb-margin-right-small:0px;--awb-margin-bottom-small:10px;--awb-margin-left-small:0px;--awb-font-size:60px;\"><h2 class=\"fusion-title-heading title-heading-center fusion-responsive-typography-calculated\" style=\"margin:0;font-size:1em;--fontSize:60;line-height:var(--awb-typography1-line-height);\"><\/h2><\/div><div style=\"text-align:center;\"><a class=\"fusion-button button-flat fusion-button-default-size button-default fusion-button-default button-1 fusion-button-default-span fusion-button-default-type\" style=\"--button_text_transform:uppercase;--button_margin-top:10px;\" target=\"_blank\" rel=\"noopener noreferrer\" href=\"https:\/\/www.fertimedica.pl\/en\/contact-us\/\"><span class=\"fusion-button-text awb-button__text awb-button__text--default\">CALL US OR MAKE AN APPOINTMENT<\/span><\/a><\/div><\/div><\/div><div class=\"fusion-layout-column fusion_builder_column fusion-builder-column-4 fusion_builder_column_1_6 1_6 fusion-flex-column\" style=\"--awb-bg-size:cover;--awb-width-large:16.666666666667%;--awb-margin-top-large:0px;--awb-spacing-right-large:11.52%;--awb-margin-bottom-large:0px;--awb-spacing-left-large:11.52%;--awb-width-medium:100%;--awb-spacing-right-medium:1.92%;--awb-spacing-left-medium:1.92%;--awb-width-small:100%;--awb-spacing-right-small:1.92%;--awb-spacing-left-small:1.92%;\"><div class=\"fusion-column-wrapper fusion-column-has-shadow fusion-flex-justify-content-flex-start fusion-content-layout-column\"><\/div><\/div><\/div><\/div>\n<\/p>\n","protected":false},"excerpt":{"rendered":"","protected":false},"author":4,"featured_media":0,"parent":3742,"menu_order":0,"comment_status":"closed","ping_status":"closed","template":"100-width.php","meta":{"footnotes":""},"class_list":["post-3856","page","type-page","status-publish","hentry"],"yoast_head":"<!-- This site is optimized with the Yoast SEO plugin v27.2 - https:\/\/yoast.com\/product\/yoast-seo-wordpress\/ -->\n<title>The tubal patency test HyCoSy - FertiMedica<\/title>\n<meta name=\"robots\" content=\"index, follow, max-snippet:-1, max-image-preview:large, max-video-preview:-1\" \/>\n<link rel=\"canonical\" href=\"https:\/\/www.fertimedica.pl\/en\/diagnostics\/the-tubal-patency-test-hycosy\/\" \/>\n<meta property=\"og:locale\" content=\"en_US\" \/>\n<meta property=\"og:type\" content=\"article\" \/>\n<meta property=\"og:title\" content=\"The tubal patency test HyCoSy - FertiMedica\" \/>\n<meta property=\"og:url\" content=\"https:\/\/www.fertimedica.pl\/en\/diagnostics\/the-tubal-patency-test-hycosy\/\" \/>\n<meta property=\"og:site_name\" content=\"FertiMedica\" \/>\n<meta property=\"article:publisher\" content=\"https:\/\/www.facebook.com\/FertiMedica\" \/>\n<meta property=\"article:modified_time\" content=\"2023-12-19T15:40:02+00:00\" \/>\n<meta name=\"twitter:card\" content=\"summary_large_image\" \/>\n<meta name=\"twitter:label1\" content=\"Est. reading time\" \/>\n\t<meta name=\"twitter:data1\" content=\"9 minutes\" \/>\n<script type=\"application\/ld+json\" class=\"yoast-schema-graph\">{\"@context\":\"https:\/\/schema.org\",\"@graph\":[{\"@type\":\"NewsArticle\",\"@id\":\"https:\/\/www.fertimedica.pl\/en\/diagnostics\/the-tubal-patency-test-hycosy\/#article\",\"isPartOf\":{\"@id\":\"https:\/\/www.fertimedica.pl\/en\/diagnostics\/the-tubal-patency-test-hycosy\/\"},\"author\":{\"name\":\"Natalia Bok\",\"@id\":\"https:\/\/www.fertimedica.pl\/en\/#\/schema\/person\/1ee3d1d96a243161997ba1b2e842575f\"},\"headline\":\"The tubal patency test HyCoSy\",\"datePublished\":\"2023-08-05T09:25:07+00:00\",\"dateModified\":\"2023-12-19T15:40:02+00:00\",\"mainEntityOfPage\":{\"@id\":\"https:\/\/www.fertimedica.pl\/en\/diagnostics\/the-tubal-patency-test-hycosy\/\"},\"wordCount\":2158,\"inLanguage\":\"en-US\"},{\"@type\":\"WebPage\",\"@id\":\"https:\/\/www.fertimedica.pl\/en\/diagnostics\/the-tubal-patency-test-hycosy\/\",\"url\":\"https:\/\/www.fertimedica.pl\/en\/diagnostics\/the-tubal-patency-test-hycosy\/\",\"name\":\"The tubal patency test HyCoSy - FertiMedica\",\"isPartOf\":{\"@id\":\"https:\/\/www.fertimedica.pl\/en\/#website\"},\"datePublished\":\"2023-08-05T09:25:07+00:00\",\"dateModified\":\"2023-12-19T15:40:02+00:00\",\"breadcrumb\":{\"@id\":\"https:\/\/www.fertimedica.pl\/en\/diagnostics\/the-tubal-patency-test-hycosy\/#breadcrumb\"},\"inLanguage\":\"en-US\",\"potentialAction\":[{\"@type\":\"ReadAction\",\"target\":[\"https:\/\/www.fertimedica.pl\/en\/diagnostics\/the-tubal-patency-test-hycosy\/\"]}]},{\"@type\":\"BreadcrumbList\",\"@id\":\"https:\/\/www.fertimedica.pl\/en\/diagnostics\/the-tubal-patency-test-hycosy\/#breadcrumb\",\"itemListElement\":[{\"@type\":\"ListItem\",\"position\":1,\"name\":\"Home\",\"item\":\"https:\/\/www.fertimedica.pl\/en\/\"},{\"@type\":\"ListItem\",\"position\":2,\"name\":\"Diagnostics\",\"item\":\"https:\/\/www.fertimedica.pl\/en\/diagnostics\/\"},{\"@type\":\"ListItem\",\"position\":3,\"name\":\"The tubal patency test HyCoSy\"}]},{\"@type\":\"WebSite\",\"@id\":\"https:\/\/www.fertimedica.pl\/en\/#website\",\"url\":\"https:\/\/www.fertimedica.pl\/en\/\",\"name\":\"Fertimedica - Leczenie niep\u0142odno\u015bci Warszawa\",\"description\":\"\",\"alternateName\":\"Fertimedica Warszawa\",\"potentialAction\":[{\"@type\":\"SearchAction\",\"target\":{\"@type\":\"EntryPoint\",\"urlTemplate\":\"https:\/\/www.fertimedica.pl\/en\/?s={search_term_string}\"},\"query-input\":{\"@type\":\"PropertyValueSpecification\",\"valueRequired\":true,\"valueName\":\"search_term_string\"}}],\"inLanguage\":\"en-US\"},{\"@type\":\"Person\",\"@id\":\"https:\/\/www.fertimedica.pl\/en\/#\/schema\/person\/1ee3d1d96a243161997ba1b2e842575f\",\"name\":\"Natalia Bok\",\"image\":{\"@type\":\"ImageObject\",\"inLanguage\":\"en-US\",\"@id\":\"https:\/\/secure.gravatar.com\/avatar\/d7de51a7a275a5317c760cd2a049de04f50d39f689cc50520ceb9e602a9a5177?s=96&d=mm&r=g\",\"url\":\"https:\/\/secure.gravatar.com\/avatar\/d7de51a7a275a5317c760cd2a049de04f50d39f689cc50520ceb9e602a9a5177?s=96&d=mm&r=g\",\"contentUrl\":\"https:\/\/secure.gravatar.com\/avatar\/d7de51a7a275a5317c760cd2a049de04f50d39f689cc50520ceb9e602a9a5177?s=96&d=mm&r=g\",\"caption\":\"Natalia Bok\"}}]}<\/script>\n<!-- \/ Yoast SEO plugin. -->","yoast_head_json":{"title":"The tubal patency test HyCoSy - FertiMedica","robots":{"index":"index","follow":"follow","max-snippet":"max-snippet:-1","max-image-preview":"max-image-preview:large","max-video-preview":"max-video-preview:-1"},"canonical":"https:\/\/www.fertimedica.pl\/en\/diagnostics\/the-tubal-patency-test-hycosy\/","og_locale":"en_US","og_type":"article","og_title":"The tubal patency test HyCoSy - FertiMedica","og_url":"https:\/\/www.fertimedica.pl\/en\/diagnostics\/the-tubal-patency-test-hycosy\/","og_site_name":"FertiMedica","article_publisher":"https:\/\/www.facebook.com\/FertiMedica","article_modified_time":"2023-12-19T15:40:02+00:00","twitter_card":"summary_large_image","twitter_misc":{"Est. reading time":"9 minutes"},"schema":{"@context":"https:\/\/schema.org","@graph":[{"@type":"NewsArticle","@id":"https:\/\/www.fertimedica.pl\/en\/diagnostics\/the-tubal-patency-test-hycosy\/#article","isPartOf":{"@id":"https:\/\/www.fertimedica.pl\/en\/diagnostics\/the-tubal-patency-test-hycosy\/"},"author":{"name":"Natalia Bok","@id":"https:\/\/www.fertimedica.pl\/en\/#\/schema\/person\/1ee3d1d96a243161997ba1b2e842575f"},"headline":"The tubal patency test HyCoSy","datePublished":"2023-08-05T09:25:07+00:00","dateModified":"2023-12-19T15:40:02+00:00","mainEntityOfPage":{"@id":"https:\/\/www.fertimedica.pl\/en\/diagnostics\/the-tubal-patency-test-hycosy\/"},"wordCount":2158,"inLanguage":"en-US"},{"@type":"WebPage","@id":"https:\/\/www.fertimedica.pl\/en\/diagnostics\/the-tubal-patency-test-hycosy\/","url":"https:\/\/www.fertimedica.pl\/en\/diagnostics\/the-tubal-patency-test-hycosy\/","name":"The tubal patency test HyCoSy - FertiMedica","isPartOf":{"@id":"https:\/\/www.fertimedica.pl\/en\/#website"},"datePublished":"2023-08-05T09:25:07+00:00","dateModified":"2023-12-19T15:40:02+00:00","breadcrumb":{"@id":"https:\/\/www.fertimedica.pl\/en\/diagnostics\/the-tubal-patency-test-hycosy\/#breadcrumb"},"inLanguage":"en-US","potentialAction":[{"@type":"ReadAction","target":["https:\/\/www.fertimedica.pl\/en\/diagnostics\/the-tubal-patency-test-hycosy\/"]}]},{"@type":"BreadcrumbList","@id":"https:\/\/www.fertimedica.pl\/en\/diagnostics\/the-tubal-patency-test-hycosy\/#breadcrumb","itemListElement":[{"@type":"ListItem","position":1,"name":"Home","item":"https:\/\/www.fertimedica.pl\/en\/"},{"@type":"ListItem","position":2,"name":"Diagnostics","item":"https:\/\/www.fertimedica.pl\/en\/diagnostics\/"},{"@type":"ListItem","position":3,"name":"The tubal patency test HyCoSy"}]},{"@type":"WebSite","@id":"https:\/\/www.fertimedica.pl\/en\/#website","url":"https:\/\/www.fertimedica.pl\/en\/","name":"Fertimedica - Leczenie niep\u0142odno\u015bci Warszawa","description":"","alternateName":"Fertimedica Warszawa","potentialAction":[{"@type":"SearchAction","target":{"@type":"EntryPoint","urlTemplate":"https:\/\/www.fertimedica.pl\/en\/?s={search_term_string}"},"query-input":{"@type":"PropertyValueSpecification","valueRequired":true,"valueName":"search_term_string"}}],"inLanguage":"en-US"},{"@type":"Person","@id":"https:\/\/www.fertimedica.pl\/en\/#\/schema\/person\/1ee3d1d96a243161997ba1b2e842575f","name":"Natalia Bok","image":{"@type":"ImageObject","inLanguage":"en-US","@id":"https:\/\/secure.gravatar.com\/avatar\/d7de51a7a275a5317c760cd2a049de04f50d39f689cc50520ceb9e602a9a5177?s=96&d=mm&r=g","url":"https:\/\/secure.gravatar.com\/avatar\/d7de51a7a275a5317c760cd2a049de04f50d39f689cc50520ceb9e602a9a5177?s=96&d=mm&r=g","contentUrl":"https:\/\/secure.gravatar.com\/avatar\/d7de51a7a275a5317c760cd2a049de04f50d39f689cc50520ceb9e602a9a5177?s=96&d=mm&r=g","caption":"Natalia Bok"}}]}},"_links":{"self":[{"href":"https:\/\/www.fertimedica.pl\/en\/wp-json\/wp\/v2\/pages\/3856","targetHints":{"allow":["GET"]}}],"collection":[{"href":"https:\/\/www.fertimedica.pl\/en\/wp-json\/wp\/v2\/pages"}],"about":[{"href":"https:\/\/www.fertimedica.pl\/en\/wp-json\/wp\/v2\/types\/page"}],"author":[{"embeddable":true,"href":"https:\/\/www.fertimedica.pl\/en\/wp-json\/wp\/v2\/users\/4"}],"replies":[{"embeddable":true,"href":"https:\/\/www.fertimedica.pl\/en\/wp-json\/wp\/v2\/comments?post=3856"}],"version-history":[{"count":5,"href":"https:\/\/www.fertimedica.pl\/en\/wp-json\/wp\/v2\/pages\/3856\/revisions"}],"predecessor-version":[{"id":4300,"href":"https:\/\/www.fertimedica.pl\/en\/wp-json\/wp\/v2\/pages\/3856\/revisions\/4300"}],"up":[{"embeddable":true,"href":"https:\/\/www.fertimedica.pl\/en\/wp-json\/wp\/v2\/pages\/3742"}],"wp:attachment":[{"href":"https:\/\/www.fertimedica.pl\/en\/wp-json\/wp\/v2\/media?parent=3856"}],"curies":[{"name":"wp","href":"https:\/\/api.w.org\/{rel}","templated":true}]}}